{"id":3444,"date":"2024-11-13T10:12:05","date_gmt":"2024-11-13T09:12:05","guid":{"rendered":"https:\/\/kaminland.de\/shop\/?post_type=product&#038;p=3444"},"modified":"2026-02-15T11:30:37","modified_gmt":"2026-02-15T10:30:37","slug":"hase-dichtungsset-feuerraumtuer-set-6","status":"publish","type":"product","link":"https:\/\/kaminland.de\/shop\/produkt\/hase-dichtungsset-feuerraumtuer-set-6\/","title":{"rendered":"Hase Dichtungsset Feuerraumt\u00fcr Set 6"},"content":{"rendered":"<h3><strong>Hase Dichtungsset Feuerraumt\u00fcr Set 6<\/strong><\/h3>\r\n\r\n\r\n\r\n<p>Original Dichtungsset der Firma HASE<\/p>\r\n<h2><strong>Hase<\/strong><\/h2>\r\n<p>Die Kaminofenmanufaktur setzt Ma\u00dfst\u00e4be in Design, Bedienbarkeit und Langlebigkeit. Gefertigt wird ausschlie\u00dflich in Deutschland, wobei so manche Raffinesse noch immer Handarbeit ist.<br \/>Die enge freundschaftliche Zusammenarbeit zwischen Hase und der Kaminland Gruppe verfolgt auch in Zukunft ein gemeinsames Ziel:<br \/>Ihre <strong>Zufriedenheit<\/strong>.<\/p>\r\n<h2><a href=\"http:\/\/kaminland.de\"><strong>Kaminland<\/strong><\/a><\/h2>\r\n<p>Als Kaminland Ende der 70er Jahre in Oldenburg unter dem Namen Dan Skan als<br \/>Einzelhandel f\u00fcr Kamin\u00f6fen und Zubeh\u00f6r gegr\u00fcndet wurde, steckte die Branche<br \/>in Deutschland noch in den Kinderschuhen. Das junge Unternehmen z\u00e4hlte zu<br \/>den ersten Spezialgesch\u00e4ften des Landes und arbeitete eng mit den gerade<br \/>beginnenden Kaminofenproduzenten zusammen. Gemeinsam entwickelten die<br \/>Pioniere zahlreiche Details, die heute selbstverst\u00e4ndlich zu jedem Ofen geh\u00f6ren.<br \/>Kooperationen mit Zukunft: Zum Beispiel die fruchtbare Zusammenarbeit<br \/>zwischen Kaminland und den Firmen SCAN und Hase besteht schon seit Jahrzehnten.<\/p>\r\n<p>Bei ihrem Programm verzichtet die Firma Kaminland bewusst auf \u00d6fen aus \u00f6stlicher und fern\u00f6stlicher Produktion.<br \/>Alle Ger\u00e4te kommen aus Deutschland, D\u00e4nemark, Norwegen, Schweden oder der Schweiz.<br \/>Alle Hersteller haben sich \u00fcber viele Jahre als Qualit\u00e4tsproduzenten etabliert. Vor diesem Hintergrund kann<br \/>Kaminland sein Garantieversprechen einl\u00f6sen und auch Ersatzteile f\u00fcr die<br \/>meisten \u00d6fen liefern und einbauen, die schon viele Jahre in Betrieb sind.<br \/>Neben den hochwertigen Produkten ist das umfangreiche Fachwissen der Mitarbeiter von zentraler Bedeutung. Die Verkaufsteams erhalten st\u00e4ndig Schulungen. Von der langj\u00e4hrigen Erfahrung profitieren in einem stetigen Know-How-Transfer auch neue Mitarbeiter &#8211; Erfahrung, Kompetenz und Wissen der gesamten Kaminland Gruppe nutzt so von den Mitarbeitern \u00fcber das Unternehmen bis zu den Kunden allen Beteiligten.<\/p>","protected":false},"excerpt":{"rendered":"<h2><strong>Hase Dichtungsset Feuerraumt\u00fcr<\/strong><\/h2>\n<p>Original Dichtungsset f\u00fcr Feuerraumt\u00fcr<br \/>Set 6<\/p>\n<p>F\u00fcr folgende HASE Kamin\u00f6fen:<\/p>\n<p><strong>Lisboa ab Seriennummer 2795<\/strong><\/p>\n","protected":false},"featured_media":3287,"comment_status":"open","ping_status":"closed","template":"","meta":{"site-sidebar-layout":"default","site-content-layout":"","ast-site-content-layout":"default","site-content-style":"default","site-sidebar-style":"default","ast-global-header-display":"","ast-banner-title-visibility":"","ast-main-header-display":"","ast-hfb-above-header-display":"","ast-hfb-below-header-display":"","ast-hfb-mobile-header-display":"","site-post-title":"","ast-breadcrumbs-content":"","ast-featured-img":"","footer-sml-layout":"","ast-disable-related-posts":"","theme-transparent-header-meta":"default","adv-header-id-meta":"","stick-header-meta":"","header-above-stick-meta":"","header-main-stick-meta":"","header-below-stick-meta":"","astra-migrate-meta-layouts":"set","ast-page-background-enabled":"default","ast-page-background-meta":{"desktop":{"background-color":"var(--ast-global-color-4)","background-image":"","background-repeat":"repeat","background-position":"center center","background-size":"auto","background-attachment":"scroll","background-type":"","background-media":"","overlay-type":"","overlay-color":"","overlay-opacity":"","overlay-gradient":""},"tablet":{"background-color":"","background-image":"","background-repeat":"repeat","background-position":"center center","background-size":"auto","background-attachment":"scroll","background-type":"","background-media":"","overlay-type":"","overlay-color":"","overlay-opacity":"","overlay-gradient":""},"mobile":{"background-color":"","background-image":"","background-repeat":"repeat","background-position":"center center","background-size":"auto","background-attachment":"scroll","background-type":"","background-media":"","overlay-type":"","overlay-color":"","overlay-opacity":"","overlay-gradient":""}},"ast-content-background-meta":{"desktop":{"background-color":"var(--ast-global-color-5)","background-image":"","background-repeat":"repeat","background-position":"center center","background-size":"auto","background-attachment":"scroll","background-type":"","background-media":"","overlay-type":"","overlay-color":"","overlay-opacity":"","overlay-gradient":""},"tablet":{"background-color":"var(--ast-global-color-5)","background-image":"","background-repeat":"repeat","background-position":"center center","background-size":"auto","background-attachment":"scroll","background-type":"","background-media":"","overlay-type":"","overlay-color":"","overlay-opacity":"","overlay-gradient":""},"mobile":{"background-color":"var(--ast-global-color-5)","background-image":"","background-repeat":"repeat","background-position":"center center","background-size":"auto","background-attachment":"scroll","background-type":"","background-media":"","overlay-type":"","overlay-color":"","overlay-opacity":"","overlay-gradient":""}}},"product_brand":[],"product_cat":[17],"product_tag":[94,95],"class_list":{"0":"post-3444","1":"product","2":"type-product","3":"status-publish","4":"has-post-thumbnail","6":"product_cat-original-ersatzteile-hase-scan-jotul-attika","7":"product_tag-dichtung","8":"product_tag-tuerdichtung","9":"product_shipping_class-paket","10":"desktop-align-left","11":"tablet-align-left","12":"mobile-align-left","14":"first","15":"outofstock","16":"taxable","17":"shipping-taxable","18":"purchasable","19":"product-type-simple"},"yoast_head":"<!-- This site is optimized with the Yoast SEO plugin v27.4 - https:\/\/yoast.com\/product\/yoast-seo-wordpress\/ -->\n<title>Hase Original Dichtungsset Feuerraumt\u00fcr - Ersatzeile<\/title>\n<meta name=\"description\" content=\"Original HASE Ersatzteile. Kompetenz in Kamin\u00f6fen, seit 1979. Wir setzen auf hochwertige und langlebige Kamin\u00f6fen. Nur Original gut.\" \/>\n<meta name=\"robots\" content=\"index, follow, max-snippet:-1, max-image-preview:large, max-video-preview:-1\" \/>\n<link rel=\"canonical\" href=\"https:\/\/kaminland.de\/shop\/produkt\/hase-dichtungsset-feuerraumtuer-set-6\/\" \/>\n<meta property=\"og:locale\" content=\"de_DE\" \/>\n<meta property=\"og:type\" content=\"article\" \/>\n<meta property=\"og:title\" content=\"Hase Original Dichtungsset Feuerraumt\u00fcr - Ersatzeile\" \/>\n<meta property=\"og:description\" content=\"Original HASE Ersatzteile. Kompetenz in Kamin\u00f6fen, seit 1979. Wir setzen auf hochwertige und langlebige Kamin\u00f6fen. Nur Original gut.\" \/>\n<meta property=\"og:url\" content=\"https:\/\/kaminland.de\/shop\/produkt\/hase-dichtungsset-feuerraumtuer-set-6\/\" \/>\n<meta property=\"article:publisher\" content=\"https:\/\/www.facebook.com\/kaminland\/\" \/>\n<meta property=\"article:modified_time\" content=\"2026-02-15T10:30:37+00:00\" \/>\n<meta property=\"og:image\" content=\"https:\/\/kaminland.de\/shop\/wp-content\/uploads\/2024\/04\/Dichtung.jpg\" \/>\n\t<meta property=\"og:image:width\" content=\"2000\" \/>\n\t<meta property=\"og:image:height\" content=\"2000\" \/>\n\t<meta property=\"og:image:type\" content=\"image\/jpeg\" \/>\n<meta name=\"twitter:card\" content=\"summary_large_image\" \/>\n<meta name=\"twitter:label1\" content=\"Gesch\u00e4tzte Lesezeit\" \/>\n\t<meta name=\"twitter:data1\" content=\"2\u00a0Minuten\" \/>\n<script type=\"application\/ld+json\" class=\"yoast-schema-graph\">{\"@context\":\"https:\\\/\\\/schema.org\",\"@graph\":[{\"@type\":\"WebPage\",\"@id\":\"https:\\\/\\\/kaminland.de\\\/shop\\\/produkt\\\/hase-dichtungsset-feuerraumtuer-set-6\\\/\",\"url\":\"https:\\\/\\\/kaminland.de\\\/shop\\\/produkt\\\/hase-dichtungsset-feuerraumtuer-set-6\\\/\",\"name\":\"Hase Original Dichtungsset Feuerraumt\u00fcr - Ersatzeile\",\"isPartOf\":{\"@id\":\"https:\\\/\\\/kaminland.de\\\/shop\\\/#website\"},\"primaryImageOfPage\":{\"@id\":\"https:\\\/\\\/kaminland.de\\\/shop\\\/produkt\\\/hase-dichtungsset-feuerraumtuer-set-6\\\/#primaryimage\"},\"image\":{\"@id\":\"https:\\\/\\\/kaminland.de\\\/shop\\\/produkt\\\/hase-dichtungsset-feuerraumtuer-set-6\\\/#primaryimage\"},\"thumbnailUrl\":\"https:\\\/\\\/kaminland.de\\\/shop\\\/wp-content\\\/uploads\\\/2024\\\/04\\\/Dichtung.jpg\",\"datePublished\":\"2024-11-13T09:12:05+00:00\",\"dateModified\":\"2026-02-15T10:30:37+00:00\",\"description\":\"Original HASE Ersatzteile. Kompetenz in Kamin\u00f6fen, seit 1979. Wir setzen auf hochwertige und langlebige Kamin\u00f6fen. Nur Original gut.\",\"breadcrumb\":{\"@id\":\"https:\\\/\\\/kaminland.de\\\/shop\\\/produkt\\\/hase-dichtungsset-feuerraumtuer-set-6\\\/#breadcrumb\"},\"inLanguage\":\"de\",\"potentialAction\":[{\"@type\":\"ReadAction\",\"target\":[\"https:\\\/\\\/kaminland.de\\\/shop\\\/produkt\\\/hase-dichtungsset-feuerraumtuer-set-6\\\/\"]}]},{\"@type\":\"ImageObject\",\"inLanguage\":\"de\",\"@id\":\"https:\\\/\\\/kaminland.de\\\/shop\\\/produkt\\\/hase-dichtungsset-feuerraumtuer-set-6\\\/#primaryimage\",\"url\":\"https:\\\/\\\/kaminland.de\\\/shop\\\/wp-content\\\/uploads\\\/2024\\\/04\\\/Dichtung.jpg\",\"contentUrl\":\"https:\\\/\\\/kaminland.de\\\/shop\\\/wp-content\\\/uploads\\\/2024\\\/04\\\/Dichtung.jpg\",\"width\":2000,\"height\":2000,\"caption\":\"Dichtung\"},{\"@type\":\"BreadcrumbList\",\"@id\":\"https:\\\/\\\/kaminland.de\\\/shop\\\/produkt\\\/hase-dichtungsset-feuerraumtuer-set-6\\\/#breadcrumb\",\"itemListElement\":[{\"@type\":\"ListItem\",\"position\":1,\"name\":\"Startseite\",\"item\":\"https:\\\/\\\/kaminland.de\\\/shop\\\/\"},{\"@type\":\"ListItem\",\"position\":2,\"name\":\"Kaminland Shop\",\"item\":\"https:\\\/\\\/kaminland.de\\\/shop\\\/kaminland-shop\\\/\"},{\"@type\":\"ListItem\",\"position\":3,\"name\":\"Hase Dichtungsset Feuerraumt\u00fcr Set 6\"}]},{\"@type\":\"WebSite\",\"@id\":\"https:\\\/\\\/kaminland.de\\\/shop\\\/#website\",\"url\":\"https:\\\/\\\/kaminland.de\\\/shop\\\/\",\"name\":\"Kaminland Shop\",\"description\":\"Alles rund um das Thema Feuer vom Fachh\u00e4ndler\",\"publisher\":{\"@id\":\"https:\\\/\\\/kaminland.de\\\/shop\\\/#organization\"},\"potentialAction\":[{\"@type\":\"SearchAction\",\"target\":{\"@type\":\"EntryPoint\",\"urlTemplate\":\"https:\\\/\\\/kaminland.de\\\/shop\\\/?s={search_term_string}\"},\"query-input\":{\"@type\":\"PropertyValueSpecification\",\"valueRequired\":true,\"valueName\":\"search_term_string\"}}],\"inLanguage\":\"de\"},{\"@type\":\"Organization\",\"@id\":\"https:\\\/\\\/kaminland.de\\\/shop\\\/#organization\",\"name\":\"Kaminland Online Shop\",\"url\":\"https:\\\/\\\/kaminland.de\\\/shop\\\/\",\"logo\":{\"@type\":\"ImageObject\",\"inLanguage\":\"de\",\"@id\":\"https:\\\/\\\/kaminland.de\\\/shop\\\/#\\\/schema\\\/logo\\\/image\\\/\",\"url\":\"https:\\\/\\\/kaminland.de\\\/shop\\\/wp-content\\\/uploads\\\/2024\\\/03\\\/cropped-KL-logo-neu.jpg\",\"contentUrl\":\"https:\\\/\\\/kaminland.de\\\/shop\\\/wp-content\\\/uploads\\\/2024\\\/03\\\/cropped-KL-logo-neu.jpg\",\"width\":823,\"height\":240,\"caption\":\"Kaminland Online Shop\"},\"image\":{\"@id\":\"https:\\\/\\\/kaminland.de\\\/shop\\\/#\\\/schema\\\/logo\\\/image\\\/\"},\"sameAs\":[\"https:\\\/\\\/www.facebook.com\\\/kaminland\\\/\"]}]}<\/script>\n<!-- \/ Yoast SEO plugin. -->","yoast_head_json":{"title":"Hase Original Dichtungsset Feuerraumt\u00fcr - Ersatzeile","description":"Original HASE Ersatzteile. Kompetenz in Kamin\u00f6fen, seit 1979. Wir setzen auf hochwertige und langlebige Kamin\u00f6fen. Nur Original gut.","robots":{"index":"index","follow":"follow","max-snippet":"max-snippet:-1","max-image-preview":"max-image-preview:large","max-video-preview":"max-video-preview:-1"},"canonical":"https:\/\/kaminland.de\/shop\/produkt\/hase-dichtungsset-feuerraumtuer-set-6\/","og_locale":"de_DE","og_type":"article","og_title":"Hase Original Dichtungsset Feuerraumt\u00fcr - Ersatzeile","og_description":"Original HASE Ersatzteile. Kompetenz in Kamin\u00f6fen, seit 1979. Wir setzen auf hochwertige und langlebige Kamin\u00f6fen. Nur Original gut.","og_url":"https:\/\/kaminland.de\/shop\/produkt\/hase-dichtungsset-feuerraumtuer-set-6\/","article_publisher":"https:\/\/www.facebook.com\/kaminland\/","article_modified_time":"2026-02-15T10:30:37+00:00","og_image":[{"width":2000,"height":2000,"url":"https:\/\/kaminland.de\/shop\/wp-content\/uploads\/2024\/04\/Dichtung.jpg","type":"image\/jpeg"}],"twitter_card":"summary_large_image","twitter_misc":{"Gesch\u00e4tzte Lesezeit":"2\u00a0Minuten"},"schema":{"@context":"https:\/\/schema.org","@graph":[{"@type":"WebPage","@id":"https:\/\/kaminland.de\/shop\/produkt\/hase-dichtungsset-feuerraumtuer-set-6\/","url":"https:\/\/kaminland.de\/shop\/produkt\/hase-dichtungsset-feuerraumtuer-set-6\/","name":"Hase Original Dichtungsset Feuerraumt\u00fcr - Ersatzeile","isPartOf":{"@id":"https:\/\/kaminland.de\/shop\/#website"},"primaryImageOfPage":{"@id":"https:\/\/kaminland.de\/shop\/produkt\/hase-dichtungsset-feuerraumtuer-set-6\/#primaryimage"},"image":{"@id":"https:\/\/kaminland.de\/shop\/produkt\/hase-dichtungsset-feuerraumtuer-set-6\/#primaryimage"},"thumbnailUrl":"https:\/\/kaminland.de\/shop\/wp-content\/uploads\/2024\/04\/Dichtung.jpg","datePublished":"2024-11-13T09:12:05+00:00","dateModified":"2026-02-15T10:30:37+00:00","description":"Original HASE Ersatzteile. Kompetenz in Kamin\u00f6fen, seit 1979. Wir setzen auf hochwertige und langlebige Kamin\u00f6fen. Nur Original gut.","breadcrumb":{"@id":"https:\/\/kaminland.de\/shop\/produkt\/hase-dichtungsset-feuerraumtuer-set-6\/#breadcrumb"},"inLanguage":"de","potentialAction":[{"@type":"ReadAction","target":["https:\/\/kaminland.de\/shop\/produkt\/hase-dichtungsset-feuerraumtuer-set-6\/"]}]},{"@type":"ImageObject","inLanguage":"de","@id":"https:\/\/kaminland.de\/shop\/produkt\/hase-dichtungsset-feuerraumtuer-set-6\/#primaryimage","url":"https:\/\/kaminland.de\/shop\/wp-content\/uploads\/2024\/04\/Dichtung.jpg","contentUrl":"https:\/\/kaminland.de\/shop\/wp-content\/uploads\/2024\/04\/Dichtung.jpg","width":2000,"height":2000,"caption":"Dichtung"},{"@type":"BreadcrumbList","@id":"https:\/\/kaminland.de\/shop\/produkt\/hase-dichtungsset-feuerraumtuer-set-6\/#breadcrumb","itemListElement":[{"@type":"ListItem","position":1,"name":"Startseite","item":"https:\/\/kaminland.de\/shop\/"},{"@type":"ListItem","position":2,"name":"Kaminland Shop","item":"https:\/\/kaminland.de\/shop\/kaminland-shop\/"},{"@type":"ListItem","position":3,"name":"Hase Dichtungsset Feuerraumt\u00fcr Set 6"}]},{"@type":"WebSite","@id":"https:\/\/kaminland.de\/shop\/#website","url":"https:\/\/kaminland.de\/shop\/","name":"Kaminland Shop","description":"Alles rund um das Thema Feuer vom Fachh\u00e4ndler","publisher":{"@id":"https:\/\/kaminland.de\/shop\/#organization"},"potentialAction":[{"@type":"SearchAction","target":{"@type":"EntryPoint","urlTemplate":"https:\/\/kaminland.de\/shop\/?s={search_term_string}"},"query-input":{"@type":"PropertyValueSpecification","valueRequired":true,"valueName":"search_term_string"}}],"inLanguage":"de"},{"@type":"Organization","@id":"https:\/\/kaminland.de\/shop\/#organization","name":"Kaminland Online Shop","url":"https:\/\/kaminland.de\/shop\/","logo":{"@type":"ImageObject","inLanguage":"de","@id":"https:\/\/kaminland.de\/shop\/#\/schema\/logo\/image\/","url":"https:\/\/kaminland.de\/shop\/wp-content\/uploads\/2024\/03\/cropped-KL-logo-neu.jpg","contentUrl":"https:\/\/kaminland.de\/shop\/wp-content\/uploads\/2024\/03\/cropped-KL-logo-neu.jpg","width":823,"height":240,"caption":"Kaminland Online Shop"},"image":{"@id":"https:\/\/kaminland.de\/shop\/#\/schema\/logo\/image\/"},"sameAs":["https:\/\/www.facebook.com\/kaminland\/"]}]}},"_links":{"self":[{"href":"https:\/\/kaminland.de\/shop\/wp-json\/wp\/v2\/product\/3444","targetHints":{"allow":["GET"]}}],"collection":[{"href":"https:\/\/kaminland.de\/shop\/wp-json\/wp\/v2\/product"}],"about":[{"href":"https:\/\/kaminland.de\/shop\/wp-json\/wp\/v2\/types\/product"}],"replies":[{"embeddable":true,"href":"https:\/\/kaminland.de\/shop\/wp-json\/wp\/v2\/comments?post=3444"}],"version-history":[{"count":1,"href":"https:\/\/kaminland.de\/shop\/wp-json\/wp\/v2\/product\/3444\/revisions"}],"predecessor-version":[{"id":4171,"href":"https:\/\/kaminland.de\/shop\/wp-json\/wp\/v2\/product\/3444\/revisions\/4171"}],"wp:featuredmedia":[{"embeddable":true,"href":"https:\/\/kaminland.de\/shop\/wp-json\/wp\/v2\/media\/3287"}],"wp:attachment":[{"href":"https:\/\/kaminland.de\/shop\/wp-json\/wp\/v2\/media?parent=3444"}],"wp:term":[{"taxonomy":"product_brand","embeddable":true,"href":"https:\/\/kaminland.de\/shop\/wp-json\/wp\/v2\/product_brand?post=3444"},{"taxonomy":"product_cat","embeddable":true,"href":"https:\/\/kaminland.de\/shop\/wp-json\/wp\/v2\/product_cat?post=3444"},{"taxonomy":"product_tag","embeddable":true,"href":"https:\/\/kaminland.de\/shop\/wp-json\/wp\/v2\/product_tag?post=3444"}],"curies":[{"name":"wp","href":"https:\/\/api.w.org\/{rel}","templated":true}]}}