{"id":3158,"date":"2023-08-16T14:30:39","date_gmt":"2023-08-16T12:30:39","guid":{"rendered":"https:\/\/kaminland.de\/shop\/?post_type=product&#038;p=3158"},"modified":"2024-07-22T11:03:37","modified_gmt":"2024-07-22T09:03:37","slug":"aduro-9-7-lux","status":"publish","type":"product","link":"https:\/\/kaminland.de\/shop\/produkt\/aduro-9-7-lux\/","title":{"rendered":"Aduro 9.7 Lux"},"content":{"rendered":"<h4><a href=\"https:\/\/www.adurofire.de\/aduro-kaminoefen\/aduro-kaminoefen\/aduro-9-7-lux-hoher-kaminofen-mit-waermespeichernden-steinen\/#c68116\">Aduro 9.7 Lux<\/a><\/h4>\n<p>Mit einer H\u00f6he von 150 cm kleidet Aduro 9.7 Lux besonders R\u00e4ume mit hohen Decken. Der Kaminofen hat 24 w\u00e4rmespeichernde Steine \u00fcber der Brennkammer\u00a0und einen gro\u00dfen Lagerraum f\u00fcr Brennholz unter der Brennkammer, welcher hinter einer T\u00fcr versteckt ist. In der Mitte des Ofens strahlt seine exklusive Glast\u00fcr \u2013 das Kennzeichen unserer Lux-Modelle. Aduro 9.7 hat besondere Details: Der Ofen steht auf einem Sockel und hat glatte Handgriffe, die unter der geschlossenen T\u00fcr verschwinden.<\/p>\n<p>Aduro 9.7 Lux ist mit\u00a0<a href=\"https:\/\/www.adurofire.de\/aduro-kaminoefen\/aduro-tronic-de\/\">Aduro-tronic<\/a>\u00a0ausgestattet. Die automatische Steuerung von Aduro-tronic sorgt daf\u00fcr, dass das Feuer beim Heizen des Ofens automatisch mit genau der richtigen Luftmenge versorgt wird. Der Ofen bietet die M\u00f6glichkeit externer Luftzufuhr.<\/p>\n<p>F\u00fcr den Aduro 9.7 gibt es eine speziell f\u00fcr dieses Modell angefertigte\u00a0<a href=\"https:\/\/www.adurofire.de\/kaminzubehor\/bodenplatten\/\">Bodenplatte<\/a>, bestehend aus zwei Teilen. Der Ofen steht auf der hinteren Platte, die vordere Platte wird vor den Ofen gelegt. Sie kann leicht entfernt und von beiden Seiten gereinigt werden.<\/p>\n<p><strong>W\u00e4rmespeicher<\/strong><\/p>\n<p>\u00dcber der Brennkammer des Ofens liegen 24 w\u00e4rmespeichernde Steine, die sich aufw\u00e4rmen, wenn Sie in Ihrem Kaminofen heizen. Nachdem auch die letzte Glut erloschen ist, gibt der Ofen durch die Steine weiter W\u00e4rme ab und h\u00e4lt so eine angenehme Temperatur im Raum \u2013 z.B. \u00fcber Nacht.<\/p>\n<p>Tests zufolge verbleiben die Speichersteine bis zu 12 Stunden nach dem letzten Einfeuern warm.<\/p>\n<p>&nbsp;<\/p>\n<p>Heizleistung: 3 &#8211; 9 kW<\/p>\n<p><img decoding=\"async\" class=\" wp-image-1087\" title=\"a\" src=\"https:\/\/kaminland.de\/shop\/wp-content\/uploads\/2019\/08\/a.png\" alt=\"a\" width=\"100\" height=\"44\" \/><\/p>\n<ul>\n<li>H\u00f6he 150 cm<\/li>\n<li>Breite 50 cm<\/li>\n<li>Tiefe 44,7 cm<\/li>\n<\/ul>\n<p>&nbsp;<\/p>\n<h2><a href=\"https:\/\/kaminland.de\/\"><strong>Kaminland<\/strong><\/a><\/h2>\n<p>Als Kaminland Ende der 70er Jahre in Oldenburg unter dem Namen Dan Skan als<br \/>\nEinzelhandel f\u00fcr Kamin\u00f6fen und Zubeh\u00f6r gegr\u00fcndet wurde, steckte die Branche<br \/>\nin Deutschland noch in den Kinderschuhen. Das junge Unternehmen z\u00e4hlte zu<br \/>\nden ersten Spezialgesch\u00e4ften des Landes und arbeitete eng mit den gerade<br \/>\nbeginnenden Kaminofenproduzenten zusammen. Gemeinsam entwickelten die<br \/>\nPioniere zahlreiche Details, die heute selbstverst\u00e4ndlich zu jedem Ofen geh\u00f6ren.<br \/>\nKooperationen mit Zukunft: Zum Beispiel die fruchtbare Zusammenarbeit<br \/>\nzwischen Kaminland und den Firmen SCAN und Hase besteht schon seit Jahrzehnten.<\/p>\n<p>Bei ihrem Programm verzichtet die Firma Kaminland bewusst auf \u00d6fen aus \u00f6stlicher und fern\u00f6stlicher Produktion.<br \/>\nAlle Ger\u00e4te kommen aus Deutschland, D\u00e4nemark, Norwegen, Schweden oder der Schweiz.<br \/>\nAlle Hersteller haben sich \u00fcber viele Jahre als Qualit\u00e4tsproduzenten etabliert. Vor diesem Hintergrund kann<br \/>\nKaminland sein Garantieversprechen einl\u00f6sen und auch Ersatzteile f\u00fcr die<br \/>\nmeisten \u00d6fen liefern und einbauen, die schon viele Jahre in Betrieb sind.<br \/>\nNeben den hochwertigen Produkten ist das umfangreiche Fachwissen der Mitarbeiter von zentraler Bedeutung. Die Verkaufsteams erhalten st\u00e4ndig Schulungen. Von der langj\u00e4hrigen Erfahrung profitieren in einem stetigen Know-How-Transfer auch neue Mitarbeiter \u2013 Erfahrung, Kompetenz und Wissen der gesamten Kaminland Gruppe nutzt so von den Mitarbeitern \u00fcber das Unternehmen bis zu den Kunden allen Beteiligten.<\/p>\n<p>&nbsp;<\/p>\n<p>Sie haben Fragen zu Ihrer Anschlusssituation, zu technischen Besonderheiten oder gesetzlichen Regelungen? Rufen Sie uns einfach an oder senden uns eine Nachricht, wir sind f\u00fcr Sie da und helfen Ihnen gerne weiter. Individuelle Planungen sind unsere Kompetenz, damit wir Ihren Wunsch nach einem behaglichen Feuer im Haus ideal umsetzen.<\/p>\n<p>&nbsp;<\/p>\n","protected":false},"excerpt":{"rendered":"<h4>Aduro 9.7 Lux<\/h4>\n<p>Kaminofen der Marke Aduro, der Hersteller aus D\u00e4nemark.<\/p>\n<p>Das Modell hei\u00dft Aduro 9.7 Lux<\/p>\n<p>Heizleistung: 3 &#8211; 9 kW<\/p>\n<p><img decoding=\"async\" class=\" wp-image-1087\" title=\"a\" src=\"https:\/\/kaminland.de\/shop\/wp-content\/uploads\/2019\/08\/a.png\" alt=\"a\" width=\"100\" height=\"44\" \/><\/p>\n<ul>\n<li>H\u00f6he 150 cm<\/li>\n<li>Breite 50 cm<\/li>\n<li>Tiefe 44,7 cm<\/li>\n<\/ul>\n","protected":false},"featured_media":3159,"comment_status":"open","ping_status":"closed","template":"","meta":{"site-sidebar-layout":"default","site-content-layout":"","ast-site-content-layout":"default","site-content-style":"default","site-sidebar-style":"default","ast-global-header-display":"","ast-banner-title-visibility":"","ast-main-header-display":"","ast-hfb-above-header-display":"","ast-hfb-below-header-display":"","ast-hfb-mobile-header-display":"","site-post-title":"","ast-breadcrumbs-content":"","ast-featured-img":"","footer-sml-layout":"","ast-disable-related-posts":"","theme-transparent-header-meta":"default","adv-header-id-meta":"","stick-header-meta":"","header-above-stick-meta":"","header-main-stick-meta":"","header-below-stick-meta":"","astra-migrate-meta-layouts":"set","ast-page-background-enabled":"default","ast-page-background-meta":{"desktop":{"background-color":"var(--ast-global-color-4)","background-image":"","background-repeat":"repeat","background-position":"center center","background-size":"auto","background-attachment":"scroll","background-type":"","background-media":"","overlay-type":"","overlay-color":"","overlay-opacity":"","overlay-gradient":""},"tablet":{"background-color":"","background-image":"","background-repeat":"repeat","background-position":"center center","background-size":"auto","background-attachment":"scroll","background-type":"","background-media":"","overlay-type":"","overlay-color":"","overlay-opacity":"","overlay-gradient":""},"mobile":{"background-color":"","background-image":"","background-repeat":"repeat","background-position":"center center","background-size":"auto","background-attachment":"scroll","background-type":"","background-media":"","overlay-type":"","overlay-color":"","overlay-opacity":"","overlay-gradient":""}},"ast-content-background-meta":{"desktop":{"background-color":"var(--ast-global-color-5)","background-image":"","background-repeat":"repeat","background-position":"center center","background-size":"auto","background-attachment":"scroll","background-type":"","background-media":"","overlay-type":"","overlay-color":"","overlay-opacity":"","overlay-gradient":""},"tablet":{"background-color":"var(--ast-global-color-5)","background-image":"","background-repeat":"repeat","background-position":"center center","background-size":"auto","background-attachment":"scroll","background-type":"","background-media":"","overlay-type":"","overlay-color":"","overlay-opacity":"","overlay-gradient":""},"mobile":{"background-color":"var(--ast-global-color-5)","background-image":"","background-repeat":"repeat","background-position":"center center","background-size":"auto","background-attachment":"scroll","background-type":"","background-media":"","overlay-type":"","overlay-color":"","overlay-opacity":"","overlay-gradient":""}}},"product_brand":[],"product_cat":[15],"product_tag":[],"class_list":{"0":"post-3158","1":"product","2":"type-product","3":"status-publish","4":"has-post-thumbnail","6":"product_cat-kaminoefen","7":"product_shipping_class-frei","8":"desktop-align-left","9":"tablet-align-left","10":"mobile-align-left","12":"first","13":"instock","14":"taxable","15":"shipping-taxable","16":"purchasable","17":"product-type-simple"},"yoast_head":"<!-- This site is optimized with the Yoast SEO plugin v27.3 - https:\/\/yoast.com\/product\/yoast-seo-wordpress\/ -->\n<title>Aduro 9.7 Lux - Automatische Steuerung<\/title>\n<meta name=\"description\" content=\"Automatische Steuerung von Aduro-tronic sorgt daf\u00fcr, dass das Feuer beim Heizen des Ofens automatisch mit genau der richtigen Luftmenge versorgt wird.\" \/>\n<meta name=\"robots\" content=\"index, follow, max-snippet:-1, max-image-preview:large, max-video-preview:-1\" \/>\n<link rel=\"canonical\" href=\"https:\/\/kaminland.de\/shop\/produkt\/aduro-9-7-lux\/\" \/>\n<meta property=\"og:locale\" content=\"de_DE\" \/>\n<meta property=\"og:type\" content=\"article\" \/>\n<meta property=\"og:title\" content=\"Aduro 9.7 Lux - Automatische Steuerung\" \/>\n<meta property=\"og:description\" content=\"Automatische Steuerung von Aduro-tronic sorgt daf\u00fcr, dass das Feuer beim Heizen des Ofens automatisch mit genau der richtigen Luftmenge versorgt wird.\" \/>\n<meta property=\"og:url\" content=\"https:\/\/kaminland.de\/shop\/produkt\/aduro-9-7-lux\/\" \/>\n<meta property=\"article:publisher\" content=\"https:\/\/www.facebook.com\/kaminland\/\" \/>\n<meta property=\"article:modified_time\" content=\"2024-07-22T09:03:37+00:00\" \/>\n<meta property=\"og:image\" content=\"https:\/\/kaminland.de\/shop\/wp-content\/uploads\/2023\/08\/97.jpg\" \/>\n\t<meta property=\"og:image:width\" content=\"2000\" \/>\n\t<meta property=\"og:image:height\" content=\"2000\" \/>\n\t<meta property=\"og:image:type\" content=\"image\/jpeg\" \/>\n<meta name=\"twitter:card\" content=\"summary_large_image\" \/>\n<meta name=\"twitter:label1\" content=\"Gesch\u00e4tzte Lesezeit\" \/>\n\t<meta name=\"twitter:data1\" content=\"4\u00a0Minuten\" \/>\n<script type=\"application\/ld+json\" class=\"yoast-schema-graph\">{\"@context\":\"https:\\\/\\\/schema.org\",\"@graph\":[{\"@type\":\"WebPage\",\"@id\":\"https:\\\/\\\/kaminland.de\\\/shop\\\/produkt\\\/aduro-9-7-lux\\\/\",\"url\":\"https:\\\/\\\/kaminland.de\\\/shop\\\/produkt\\\/aduro-9-7-lux\\\/\",\"name\":\"Aduro 9.7 Lux - Automatische Steuerung\",\"isPartOf\":{\"@id\":\"https:\\\/\\\/kaminland.de\\\/shop\\\/#website\"},\"primaryImageOfPage\":{\"@id\":\"https:\\\/\\\/kaminland.de\\\/shop\\\/produkt\\\/aduro-9-7-lux\\\/#primaryimage\"},\"image\":{\"@id\":\"https:\\\/\\\/kaminland.de\\\/shop\\\/produkt\\\/aduro-9-7-lux\\\/#primaryimage\"},\"thumbnailUrl\":\"https:\\\/\\\/kaminland.de\\\/shop\\\/wp-content\\\/uploads\\\/2023\\\/08\\\/97.jpg\",\"datePublished\":\"2023-08-16T12:30:39+00:00\",\"dateModified\":\"2024-07-22T09:03:37+00:00\",\"description\":\"Automatische Steuerung von Aduro-tronic sorgt daf\u00fcr, dass das Feuer beim Heizen des Ofens automatisch mit genau der richtigen Luftmenge versorgt wird.\",\"breadcrumb\":{\"@id\":\"https:\\\/\\\/kaminland.de\\\/shop\\\/produkt\\\/aduro-9-7-lux\\\/#breadcrumb\"},\"inLanguage\":\"de\",\"potentialAction\":[{\"@type\":\"ReadAction\",\"target\":[\"https:\\\/\\\/kaminland.de\\\/shop\\\/produkt\\\/aduro-9-7-lux\\\/\"]}]},{\"@type\":\"ImageObject\",\"inLanguage\":\"de\",\"@id\":\"https:\\\/\\\/kaminland.de\\\/shop\\\/produkt\\\/aduro-9-7-lux\\\/#primaryimage\",\"url\":\"https:\\\/\\\/kaminland.de\\\/shop\\\/wp-content\\\/uploads\\\/2023\\\/08\\\/97.jpg\",\"contentUrl\":\"https:\\\/\\\/kaminland.de\\\/shop\\\/wp-content\\\/uploads\\\/2023\\\/08\\\/97.jpg\",\"width\":2000,\"height\":2000,\"caption\":\"9.7\"},{\"@type\":\"BreadcrumbList\",\"@id\":\"https:\\\/\\\/kaminland.de\\\/shop\\\/produkt\\\/aduro-9-7-lux\\\/#breadcrumb\",\"itemListElement\":[{\"@type\":\"ListItem\",\"position\":1,\"name\":\"Startseite\",\"item\":\"https:\\\/\\\/kaminland.de\\\/shop\\\/\"},{\"@type\":\"ListItem\",\"position\":2,\"name\":\"Kaminland Shop\",\"item\":\"https:\\\/\\\/kaminland.de\\\/shop\\\/kaminland-shop\\\/\"},{\"@type\":\"ListItem\",\"position\":3,\"name\":\"Aduro 9.7 Lux\"}]},{\"@type\":\"WebSite\",\"@id\":\"https:\\\/\\\/kaminland.de\\\/shop\\\/#website\",\"url\":\"https:\\\/\\\/kaminland.de\\\/shop\\\/\",\"name\":\"Kaminland Shop\",\"description\":\"Alles rund um das Thema Feuer vom Fachh\u00e4ndler\",\"publisher\":{\"@id\":\"https:\\\/\\\/kaminland.de\\\/shop\\\/#organization\"},\"potentialAction\":[{\"@type\":\"SearchAction\",\"target\":{\"@type\":\"EntryPoint\",\"urlTemplate\":\"https:\\\/\\\/kaminland.de\\\/shop\\\/?s={search_term_string}\"},\"query-input\":{\"@type\":\"PropertyValueSpecification\",\"valueRequired\":true,\"valueName\":\"search_term_string\"}}],\"inLanguage\":\"de\"},{\"@type\":\"Organization\",\"@id\":\"https:\\\/\\\/kaminland.de\\\/shop\\\/#organization\",\"name\":\"Kaminland Online Shop\",\"url\":\"https:\\\/\\\/kaminland.de\\\/shop\\\/\",\"logo\":{\"@type\":\"ImageObject\",\"inLanguage\":\"de\",\"@id\":\"https:\\\/\\\/kaminland.de\\\/shop\\\/#\\\/schema\\\/logo\\\/image\\\/\",\"url\":\"https:\\\/\\\/kaminland.de\\\/shop\\\/wp-content\\\/uploads\\\/2024\\\/03\\\/cropped-KL-logo-neu.jpg\",\"contentUrl\":\"https:\\\/\\\/kaminland.de\\\/shop\\\/wp-content\\\/uploads\\\/2024\\\/03\\\/cropped-KL-logo-neu.jpg\",\"width\":823,\"height\":240,\"caption\":\"Kaminland Online Shop\"},\"image\":{\"@id\":\"https:\\\/\\\/kaminland.de\\\/shop\\\/#\\\/schema\\\/logo\\\/image\\\/\"},\"sameAs\":[\"https:\\\/\\\/www.facebook.com\\\/kaminland\\\/\"]}]}<\/script>\n<!-- \/ Yoast SEO plugin. -->","yoast_head_json":{"title":"Aduro 9.7 Lux - Automatische Steuerung","description":"Automatische Steuerung von Aduro-tronic sorgt daf\u00fcr, dass das Feuer beim Heizen des Ofens automatisch mit genau der richtigen Luftmenge versorgt wird.","robots":{"index":"index","follow":"follow","max-snippet":"max-snippet:-1","max-image-preview":"max-image-preview:large","max-video-preview":"max-video-preview:-1"},"canonical":"https:\/\/kaminland.de\/shop\/produkt\/aduro-9-7-lux\/","og_locale":"de_DE","og_type":"article","og_title":"Aduro 9.7 Lux - Automatische Steuerung","og_description":"Automatische Steuerung von Aduro-tronic sorgt daf\u00fcr, dass das Feuer beim Heizen des Ofens automatisch mit genau der richtigen Luftmenge versorgt wird.","og_url":"https:\/\/kaminland.de\/shop\/produkt\/aduro-9-7-lux\/","article_publisher":"https:\/\/www.facebook.com\/kaminland\/","article_modified_time":"2024-07-22T09:03:37+00:00","og_image":[{"width":2000,"height":2000,"url":"https:\/\/kaminland.de\/shop\/wp-content\/uploads\/2023\/08\/97.jpg","type":"image\/jpeg"}],"twitter_card":"summary_large_image","twitter_misc":{"Gesch\u00e4tzte Lesezeit":"4\u00a0Minuten"},"schema":{"@context":"https:\/\/schema.org","@graph":[{"@type":"WebPage","@id":"https:\/\/kaminland.de\/shop\/produkt\/aduro-9-7-lux\/","url":"https:\/\/kaminland.de\/shop\/produkt\/aduro-9-7-lux\/","name":"Aduro 9.7 Lux - Automatische Steuerung","isPartOf":{"@id":"https:\/\/kaminland.de\/shop\/#website"},"primaryImageOfPage":{"@id":"https:\/\/kaminland.de\/shop\/produkt\/aduro-9-7-lux\/#primaryimage"},"image":{"@id":"https:\/\/kaminland.de\/shop\/produkt\/aduro-9-7-lux\/#primaryimage"},"thumbnailUrl":"https:\/\/kaminland.de\/shop\/wp-content\/uploads\/2023\/08\/97.jpg","datePublished":"2023-08-16T12:30:39+00:00","dateModified":"2024-07-22T09:03:37+00:00","description":"Automatische Steuerung von Aduro-tronic sorgt daf\u00fcr, dass das Feuer beim Heizen des Ofens automatisch mit genau der richtigen Luftmenge versorgt wird.","breadcrumb":{"@id":"https:\/\/kaminland.de\/shop\/produkt\/aduro-9-7-lux\/#breadcrumb"},"inLanguage":"de","potentialAction":[{"@type":"ReadAction","target":["https:\/\/kaminland.de\/shop\/produkt\/aduro-9-7-lux\/"]}]},{"@type":"ImageObject","inLanguage":"de","@id":"https:\/\/kaminland.de\/shop\/produkt\/aduro-9-7-lux\/#primaryimage","url":"https:\/\/kaminland.de\/shop\/wp-content\/uploads\/2023\/08\/97.jpg","contentUrl":"https:\/\/kaminland.de\/shop\/wp-content\/uploads\/2023\/08\/97.jpg","width":2000,"height":2000,"caption":"9.7"},{"@type":"BreadcrumbList","@id":"https:\/\/kaminland.de\/shop\/produkt\/aduro-9-7-lux\/#breadcrumb","itemListElement":[{"@type":"ListItem","position":1,"name":"Startseite","item":"https:\/\/kaminland.de\/shop\/"},{"@type":"ListItem","position":2,"name":"Kaminland Shop","item":"https:\/\/kaminland.de\/shop\/kaminland-shop\/"},{"@type":"ListItem","position":3,"name":"Aduro 9.7 Lux"}]},{"@type":"WebSite","@id":"https:\/\/kaminland.de\/shop\/#website","url":"https:\/\/kaminland.de\/shop\/","name":"Kaminland Shop","description":"Alles rund um das Thema Feuer vom Fachh\u00e4ndler","publisher":{"@id":"https:\/\/kaminland.de\/shop\/#organization"},"potentialAction":[{"@type":"SearchAction","target":{"@type":"EntryPoint","urlTemplate":"https:\/\/kaminland.de\/shop\/?s={search_term_string}"},"query-input":{"@type":"PropertyValueSpecification","valueRequired":true,"valueName":"search_term_string"}}],"inLanguage":"de"},{"@type":"Organization","@id":"https:\/\/kaminland.de\/shop\/#organization","name":"Kaminland Online Shop","url":"https:\/\/kaminland.de\/shop\/","logo":{"@type":"ImageObject","inLanguage":"de","@id":"https:\/\/kaminland.de\/shop\/#\/schema\/logo\/image\/","url":"https:\/\/kaminland.de\/shop\/wp-content\/uploads\/2024\/03\/cropped-KL-logo-neu.jpg","contentUrl":"https:\/\/kaminland.de\/shop\/wp-content\/uploads\/2024\/03\/cropped-KL-logo-neu.jpg","width":823,"height":240,"caption":"Kaminland Online Shop"},"image":{"@id":"https:\/\/kaminland.de\/shop\/#\/schema\/logo\/image\/"},"sameAs":["https:\/\/www.facebook.com\/kaminland\/"]}]}},"_links":{"self":[{"href":"https:\/\/kaminland.de\/shop\/wp-json\/wp\/v2\/product\/3158","targetHints":{"allow":["GET"]}}],"collection":[{"href":"https:\/\/kaminland.de\/shop\/wp-json\/wp\/v2\/product"}],"about":[{"href":"https:\/\/kaminland.de\/shop\/wp-json\/wp\/v2\/types\/product"}],"replies":[{"embeddable":true,"href":"https:\/\/kaminland.de\/shop\/wp-json\/wp\/v2\/comments?post=3158"}],"version-history":[{"count":0,"href":"https:\/\/kaminland.de\/shop\/wp-json\/wp\/v2\/product\/3158\/revisions"}],"wp:featuredmedia":[{"embeddable":true,"href":"https:\/\/kaminland.de\/shop\/wp-json\/wp\/v2\/media\/3159"}],"wp:attachment":[{"href":"https:\/\/kaminland.de\/shop\/wp-json\/wp\/v2\/media?parent=3158"}],"wp:term":[{"taxonomy":"product_brand","embeddable":true,"href":"https:\/\/kaminland.de\/shop\/wp-json\/wp\/v2\/product_brand?post=3158"},{"taxonomy":"product_cat","embeddable":true,"href":"https:\/\/kaminland.de\/shop\/wp-json\/wp\/v2\/product_cat?post=3158"},{"taxonomy":"product_tag","embeddable":true,"href":"https:\/\/kaminland.de\/shop\/wp-json\/wp\/v2\/product_tag?post=3158"}],"curies":[{"name":"wp","href":"https:\/\/api.w.org\/{rel}","templated":true}]}}