{"id":136,"date":"2017-06-21T20:04:48","date_gmt":"2017-06-21T18:04:48","guid":{"rendered":"http:\/\/kaminland.de\/shop\/?page_id=136"},"modified":"2020-11-18T12:03:39","modified_gmt":"2020-11-18T11:03:39","slug":"agb","status":"publish","type":"page","link":"https:\/\/kaminland.de\/shop\/agb\/","title":{"rendered":"AGB"},"content":{"rendered":"<h2>Allgemeine Gesch\u00e4ftsbedingungen<\/h2>\n<p>AGB erstellt \u00fcber den Generator der Deutschen Anwaltshotline AG<br \/>\nVertragspartner<br \/>\nAuf Grundlage dieser Allgemeinen Gesch\u00e4ftsbedingungen (AGB) kommt zwischen dem Kunden und<br \/>\nKaminland Handels GmbH<br \/>\nVertreten durch Stephan Hitrez<br \/>\nAdresse: Stau 119, 26122 Oldenburg<br \/>\nHandelsregister: Oldenburg\u2028Handelsregisternummer: HRB 2743<br \/>\nUmsatzsteuer-Identifikationsnummer: 117 485 875,<\/p>\n<p>nachfolgend Anbieter genannt, der Vertrag zustande.<\/p>\n<h2>Vertragsgegenstand<\/h2>\n<p>Durch diesen Vertrag wird der Verkauf von neue und gebrauchte Waren aus dem Bereich\/den Bereichen Kamin\u00f6fen, Kamine, Zubeh\u00f6r und Dienstleistungen \u00fcber den Online-Shop des Anbieters geregelt. Wegen der Details des jeweiligen Angebotes wird auf die Produktbeschreibung der Angebotsseite verwiesen.<\/p>\n<h2>Vertragsschluss<\/h2>\n<p>Der Vertrag kommt im elektronischen Gesch\u00e4ftsverkehr \u00fcber das Shop-System oder \u00fcber andere Fernkommunikationsmittel wie Telefon und E-Mail zustande. Dabei stellen die dargestellten Angebote eine unverbindliche Aufforderung zur Abgabe eines Angebots durch die Kundenbestellung dar, das der Anbieter dann annehmen kann. Der Bestellvorgang zum Vertragsschluss umfasst im Shop-System folgende Schritte:<br \/>\n\u00b7 Auswahl des Angebots in der gew\u00fcnschten Spezifikation (Gr\u00f6\u00dfe, Farbe, Anzahl)<br \/>\n\u00b7 Einlegen des Angebots in den Warenkorb<br \/>\n\u00b7 Bet\u00e4tigen des Buttons &#8218;bestellen&#8216;<br \/>\n\u00b7 Eingabe der Rechnungs- und Lieferadresse<br \/>\n\u00b7 Auswahl der Bezahlmethode<br \/>\n\u00b7 \u00dcberpr\u00fcfung und Bearbeitung der Bestellung und aller Eingaben<br \/>\n\u00b7 Bet\u00e4tigen des Buttons &#8218;kostenpflichtig bestellen&#8216;<br \/>\n\u00b7 Best\u00e4tigungsmail, dass Bestellung eingegangen ist Bestellungen k\u00f6nnen neben dem Shop-System auch \u00fcber Fernkommunikationsmittel (Telefon\/E-Mail) aufgegeben werden, wodurch der Bestellvorgang zum Vertragsschluss folgende Schritte umfasst:<br \/>\n\u00b7 Anruf bei der Bestellhotline \/ \u00dcbersendung der Bestellmail<br \/>\n\u00b7 Best\u00e4tigungsmail, dass Bestellung eingegangen ist Mit der Zusendung der Bestellbest\u00e4tigung kommt der Vertrag zustande.<\/p>\n<h2>Eigentumsvorbehalt<\/h2>\n<p>Bis zur vollst\u00e4ndigen Bezahlung bleibt die gelieferte Ware im Eigentum des Anbieters.<\/p>\n<h3>Vorbehalte<\/h3>\n<p>Der Anbieter beh\u00e4lt sich vor, im Falle der Nichtverf\u00fcgbarkeit der versprochenen Leistung diese nicht zu erbringen.<\/p>\n<h3>Preise, Versandkosten, R\u00fccksendekosten<\/h3>\n<div>Alle Preise sind Endpreise, sie enthalten die gesetzliche Mehrwertsteuer. Pro Bestellung fallen einmalig folgende Versandkostenpauschalen an: Deutschland: \u20ac 90 EU: \u20ac 120 (au\u00dfer Inseln). Bei Teillieferungen f\u00e4llt die Pauschale jeweils nur einmal an. F\u00fcr den Versand fallen keine weiteren Kosten an. Dies gilt ab einem Betrag von \u20ac 2500. Besteht ein Widerrufsrecht und wird von diesem Gebraucht gemacht, tr\u00e4gt der Kunde die Kosten der R\u00fccksendung.<\/div>\n<h2>Zahlungsbedingungen<\/h2>\n<p>Der Kunde hat ausschlie\u00dflich folgende M\u00f6glichkeiten zur Zahlung: Vorab\u00fcberweisung, Nachnahme, Zahlungsdienstleister (PayPal), Barzahlung bei Abholung. Weitere Zahlungsarten werden nicht angeboten und werden zur\u00fcckgewiesen.\u2028Der Rechnungsbetrag ist nach Zugang der Rechnung, die alle Angaben f\u00fcr die \u00dcberweisung enth\u00e4lt und mit E-Mail verschickt wird, auf das dort angegebene Konto vorab zu \u00fcberweisen. Bei Lieferung gegen Nachnahme wird der Nachnahmebetrag bei Zustellung bar an den Zusteller gezahlt, wobei der Zusteller eine Nachnahmegeb\u00fchr erhebt. Bei Verwendung eines Treuhandservice\/ Zahlungsdienstleisters erm\u00f6glicht es dieser dem Anbieter und Kunden, die Zahlung untereinander abzuwickeln. Dabei leitet der Treuhandservice\/ Zahlungsdienstleister die Zahlung des Kunden an den Anbieter weiter. Weitere Informationen erhalten Sie auf der Internetseite des jeweiligen Treuhandservices\/ Zahlungsdienstleisters. Der Rechnungsbetrag kann auch unter Abzug der in Ansatz gebrachten Versandkosten in den Gesch\u00e4ftsr\u00e4umen des Anbieters zu den \u00fcblichen B\u00fcrozeiten in bar gezahlt werden. Der Kunde ist verpflichtet innerhalb von 14 Tagen nach Erhalt der Rechnung den ausgewiesenen Betrag auf das auf der Rechnung angegebene Konto einzuzahlen oder zu \u00fcberweisen. Die Zahlung ist ab Rechnungsdatum ohne Abzug f\u00e4llig. Nach Ablauf der Zahlungsfrist, die somit kalenderm\u00e4\u00dfig bestimmt ist, kommt der Kunde auch ohne Mahnung in Verzug. Ein Zur\u00fcckbehaltungsrecht des Kunden, welches nicht auf demselben Vertragsverh\u00e4ltnis beruht, wird ausgeschlossen. Die Aufrechnung mit Forderungen des Kunden ist ausgeschlossen, es sei denn diese sind unbestritten oder rechtskr\u00e4ftig festgestellt. Zudem besteht die M\u00f6glichkeit der Finanzierung auf Anfrage.<\/p>\n<h2>Lieferbedingungen<\/h2>\n<p>Die Ware wird umgehend nach best\u00e4tigtem Zahlungseingang versandt. Der Versand erfolgt durchschnittlich sp\u00e4testens nach 4 Tagen. Der Unternehmer verpflichtet sich zur Lieferung am 7 Tag nach Bestelleingang. Die Regellieferzeit betr\u00e4gt 5 Tage, wenn in der Artikelbeschreibung nichts anderes angegeben ist. Der Anbieter versendet die Bestellung entweder aus eigenem Lager, sobald die gesamte Bestellung dort vorr\u00e4tig ist oder die Bestellung wird vom Hersteller verschickt, sobald die gesamte Bestellung dort vorr\u00e4tig ist. Der Kunde wird \u00fcber Verz\u00f6gerungen umgehend informiert. Hat der Anbieter ein dauerhaftes Lieferhindernis, insbesondere h\u00f6here Gewalt oder Nichtbelieferung durch eigenen Lieferanten, obwohl rechtzeitig ein entsprechendes Deckungsgesch\u00e4ft get\u00e4tigt wurde, nicht zu vertreten, so hat der Anbieter das Recht, insoweit von einem Vertrag mit dem Kunden zur\u00fcckzutreten. Der Kunde wird dar\u00fcber unverz\u00fcglich informiert und empfangene Leistungen, insbesondere Zahlungen, zur\u00fcckerstattet.<\/p>\n<h2>Gew\u00e4hrleistung<\/h2>\n<p>Ist der Kunde Unternehmer, wird f\u00fcr Neuwaren die Gew\u00e4hrleistungsfrist auf ein Jahr beschr\u00e4nkt. Dem Anbieter wird zuerkannt, dass er bei einer Nacherf\u00fcllung selbst zwischen Reparatur oder Neulieferung w\u00e4hlen kann, wenn es sich bei der Ware um Neuware handelt und der Kunde Unternehmer ist. Ist der Kunde Unternehmer, wird f\u00fcr Gebrauchtwaren die Gew\u00e4hrleistung ausgeschlossen. Ist der Kunde Verbraucher, wird f\u00fcr gebrauchte Waren die Gew\u00e4hrleistungsfrist auf ein Jahr beschr\u00e4nkt. Dies gilt nicht f\u00fcr Schadensersatzanspr\u00fcche des Kunden wegen Verletzung des Lebens, des K\u00f6rpers, der Gesundheit oder wesentlicher Vertragspflichten, welche zur Erreichung des Vertragszieles notwendigerweise erf\u00fcllt werden m\u00fcssen. Ebenso gilt dies nicht f\u00fcr Schadensersatzanspr\u00fcche nach grob fahrl\u00e4ssiger oder vors\u00e4tzlicher Pflichtverletzung des Anbieters oder seines gesetzlichen Vertreters oder Erf\u00fcllungsgehilfen. Im \u00dcbrigen gelten die gesetzlichen Regelungen.<\/p>\n<h2>Vertragsgestaltung<\/h2>\n<p>Ist der Kunde Unternehmer, so geht die Gefahr des zuf\u00e4lligen Untergangs und\/ oder der zuf\u00e4lligen Verschlechterung der Ware mit der \u00dcbergabe, bei Versendung mit der Auslieferung der Ware an den ausgew\u00e4hlten Dienstleister hierf\u00fcr auf den Kunden \u00fcber. Der Kunde hat keine M\u00f6glichkeit selbst direkt auf den gespeicherten Vertragstext zuzugreifen. Der Kunde kann Fehler in der Eingabe w\u00e4hrend des Bestellvorganges korrigieren. Hierzu kann er folgenderma\u00dfen vorgehen: Artikel l\u00f6schen, Anzahl anpassen.<\/p>\n<h2>Widerrufsrecht und Kundendienst<\/h2>\n<h3>Widerrufsbelehrung<\/h3>\n<h4>Widerrufsrecht<\/h4>\n<p>Sie haben das Recht, binnen vierzehn Tagen ohne Angabe von Gr\u00fcnden diesen Vertrag zu widerrufen.<br \/>\nDie Widerrufsfrist betr\u00e4gt vierzehn Tage ab dem Tag.<\/p>\n<p>Im Falle eines Kaufvertrags: an dem Sie oder ein von Ihnen benannter Dritter, der nicht der Bef\u00f6rderer ist, die letzte Ware in Besitz genommen haben bzw. hat.<\/p>\n<p>Im Falle einer Vertrags \u00fcber mehrere Waren, die der Verbraucher im Rahmen einer einheitlichen Bestellung bestellt hat und die getrennt geliefert werden: an dem Sie oder ein von Ihnen benannter Dritter, der nicht Bef\u00f6rderer ist, die letzte Ware in Besitz genommen haben bzw. hat.<\/p>\n<p>Im Falle eines Vertrags \u00fcber die Lieferung einer Ware in mehreren Teilsendungen oder St\u00fccken: an dem Sie oder ein von Ihnen benannter Dritter, der nicht Bef\u00f6rderer ist, die letzte Teilsendung oder das letzte St\u00fcck in Besitz genommen haben bzw. hat.<\/p>\n<p>Im Falle eines Vertrages zur regelm\u00e4\u00dfigen Lieferung von Waren \u00fcber einen festgelegten Zeitraum hinweg: an dem Sie oder ein von Ihnen benannter Dritter, der nicht Bef\u00f6rderer ist, die erste Ware in Besitz genommen haben bzw. hat.<br \/>\nBeim Zusammentreffen mehrerer Alternativen ist der jeweils letzte Zeitpunkt ma\u00dfgeblich.\u2028\u2028Um Ihr Widerrufsrecht auszu\u00fcben, m\u00fcssen Sie uns (Kaminland Handels GmbH, Stephan Hitrez, Stau 144 26122 Oldenburg info@kaminland.de) mittels einer eindeutigen Erkl\u00e4rung (z.B. ein mit der Post versandter Brief, Telefax, oder E-Mail) \u00fcber Ihren Entschluss, diesen Vertrag zu widerrufen, informieren. Sie k\u00f6nnen daf\u00fcr das beigef\u00fcgte Muster-Widerrufsformular verwenden, das jedoch nicht vorgeschrieben ist.\u2028\u2028Zur Wahrung der Widerrufsfrist reicht es aus, dass Sie die Mitteilung \u00fcber die Aus\u00fcbung des Widerrufsrechts vor Ablauf der Widerrufsfrist absenden.\u2028\u2028Folgen des Widerrufs\u2028\u2028Wenn Sie diesen Vertag widerrufen, haben wir Ihnen alle Zahlungen, die wir von Ihnen erhalten haben, einschlie\u00dflich der Lieferkosten (mit Ausnahmen der zus\u00e4tzlichen Kosten, die sich daraus ergeben, dass Sie einer andere Art der Lieferung als die von uns angebotene, g\u00fcnstige Standardlieferung gew\u00e4hlt haben), unverz\u00fcglich und sp\u00e4testens binnen vierzehn Tagen ab dem Tag zur\u00fcckzuzahlen, an dem die Mitteilung \u00fcber Ihren Widerruf dieses Vertrags bei uns eingegangen ist. F\u00fcr diese R\u00fcckzahlung verwenden wir dasselbe Zahlungsmittel, das Sie bei der urspr\u00fcnglichen Transaktion eingesetzt haben, es sei denn, mit Ihnen wurde ausdr\u00fccklich etwas anderes vereinbart; in keinem Fall werden Ihnen wegen dieser R\u00fcckzahlung Entgelte berechnet. Wir k\u00f6nnen die R\u00fcckzahlung verweigern, bis wir die Waren wieder zur\u00fcckerhalten haben oder bis Sie den Nachweis erbracht haben, dass Sie die Waren zur\u00fcckgesandt haben, je nachdem, welches der fr\u00fchere Zeitpunkt ist.\u2028\u2028Sie haben die Waren unverz\u00fcglich und in jedem Fall sp\u00e4testens binnen vierzehn Tagen ab dem Tag, an dem Sie uns \u00fcber den Widerruf dieses Vertrags unterrichten, an Kaminland Handels GmbH, Stephan Hitrez, Bremer Heerstr. 400, 26135 Oldenburg uns zur\u00fcckzusenden oder zu \u00fcbergeben. Die Frist ist gewahrt, wenn Sie die Waren vor Ablauf der Frist von vierzehn Tagen absenden.\u2028\u2028Sie tragen die unmittelbaren Kosten der R\u00fccksendung der Waren.\u2028\u2028Sie m\u00fcssen f\u00fcr einen etwaigen Wertverlust der Waren nur aufkommen, wenn dieser Wertverlust auf einen zur Pr\u00fcfung der Beschaffenheit, Eigenschaften und Funktionsweise der Waren nicht notwendigen Umgang mit ihnen zur\u00fcckzuf\u00fchren ist.<\/p>\n<h4>\u2028\u2028Ende der Widerrufsbelehrung<\/h4>\n<h2>Haftungsausschluss<\/h2>\n<p>Schadensersatzanspr\u00fcche des Kunden sind ausgeschlossen, soweit sich aus den nachfolgenden Gr\u00fcnden nicht etwas anderes ergibt. Dies gilt auch f\u00fcr den Vertreter und Erf\u00fcllungsgehilfen des Anbieters, falls der Kunde gegen diese Anspr\u00fcche auf Schadensersatz erhebt. Ausgenommen sind Schadensersatzanspr\u00fcche des Kunden wegen Verletzung des Lebens, des K\u00f6rpers, der Gesundheit oder wesentlicher Vertragspflichten, welche zur Erreichung des Vertragszieles notwendigerweise erf\u00fcllt werden m\u00fcssen. Ebenso gilt dies nicht f\u00fcr Schadensersatzanspr\u00fcche nach grob fahrl\u00e4ssiger oder vors\u00e4tzlicher Pflichtverletzung des Anbieters oder seines gesetzlichen Vertreters oder Erf\u00fcllungsgehilfen.<\/p>\n<h2>Abtretungs- und Verpf\u00e4ndungsverbot<\/h2>\n<p>Anspr\u00fcche oder Rechte des Kunden gegen den Anbieter d\u00fcrfen ohne dessen Zustimmung nicht abgetreten oder verpf\u00e4ndet werden, es sei denn der Kunde hat ein berechtigtes Interesse an der Abtretung oder Verpf\u00e4ndung nachgewiesen.<br \/>\nSprache, Gerichtsstand und anzuwendendes Recht<br \/>\nDer Vertrag wird in Deutsch abgefasst. Die weitere Durchf\u00fchrung der Vertragsbeziehung erfolgt in Deutsch. Es findet ausschlie\u00dflich das Recht der Bundesrepublik Deutschland Anwendung. F\u00fcr Verbraucher gilt dies nur insoweit, als dadurch keine gesetzlichen Bestimmungen des Staates eingeschr\u00e4nkt werden, in dem der Kunde seinen Wohnsitz oder gew\u00f6hnlichen Aufenthalt hat. Gerichtsstand ist bei Streitigkeiten mit Kunden, die kein Verbraucher, juristische Person des \u00f6ffentlichen Rechts oder \u00f6ffentlich-rechtliches Sonderverm\u00f6gen sind, Oldenburg.<\/p>\n<h2>Datenschutz<\/h2>\n<p>Im Zusammenhang mit der Anbahnung, Abschluss, Abwicklung und R\u00fcckabwicklung eines Kaufvertrages auf Grundlage dieser AGB werden vom Anbieter Daten erhoben, gespeichert und verarbeitet. Dies geschieht im Rahmen der gesetzlichen Bestimmungen. Der Anbieter gibt keine personenbezogenen Daten des Kunden an Dritte weiter, es sei denn, dass er hierzu gesetzlich verpflichtet w\u00e4re oder der Kunde vorher ausdr\u00fccklich eingewilligt hat. Wird ein Dritter f\u00fcr Dienstleistungen im Zusammenhang mit der Abwicklung von Verarbeitungsprozessen eingesetzt, so werden die Bestimmungen des Bundesdatenschutzgesetzes eingehalten. Die vom Kunden im Wege der Bestellung mitgeteilten Daten werden ausschlie\u00dflich zur Kontaktaufnahme innerhalb des Rahmens der Vertragsabwicklung und nur zu dem Zweck verarbeitet, zu dem der Kunde die Daten zur Verf\u00fcgung gestellt hat. Die Daten werden nur soweit notwendig an das Versandunternehmen, das die Lieferung der Ware auftragsgem\u00e4\u00df \u00fcbernimmt, weitergegeben. Die Zahlungsdaten werden an das mit der Zahlung beauftragte Kreditinstitut weitergegeben. Soweit den Anbieter Aufbewahrungsfristen handels- oder steuerrechtlicher Natur treffen, kann die Speicherung einiger Daten bis zu zehn Jahre dauern. W\u00e4hrend des Besuchs im Internet-Shop des Anbieters werden anonymisierte Daten, die keine R\u00fcckschl\u00fcssen auf personenbezogene Daten zulassen und auch nicht beabsichtigen, insbesondere IP-Adresse, Datum, Uhrzeit, Browsertyp, Betriebssystem und besuchte Seiten, protokolliert. Auf Wunsch des Kunden werden im Rahmen der gesetzlichen Bestimmungen die personenbezogenen Daten gel\u00f6scht, korrigiert oder gesperrt. Eine unentgeltliche Auskunft \u00fcber alle personenbezogenen Daten des Kunden ist m\u00f6glich. F\u00fcr Fragen und Antr\u00e4ge auf L\u00f6schung, Korrektur oder Sperrung personenbezogener Daten sowie Erhebung, Verarbeitung und Nutzung kann sich der Kunde an folgende Adresse wenden: Kaminland Handels GmbH, Stephan Hitrez, Stau 144 26122 Oldenburg 0441-218940 info@kaminland.de.<\/p>\n<h2>Salvatorische Klausel<\/h2>\n<p>Die Unwirksamkeit einer Bestimmung dieser AGB hat keine Auswirkungen auf die Wirksamkeit der sonstigen Bestimmungen.<br \/>\n<div class=\"woocommerce woocommerce-gzd woocommerce-gzd-complaints-shortcode\">\n\t\t\t<h3>Alternative Streitbeilegung gem\u00e4\u00df Art. 14 Abs. 1 ODR-VO und \u00a7 36 VSBG:<\/h3>\n\t\nZur Teilnahme an einem Streitbeilegungsverfahren vor einer Verbraucherschlichtungsstelle sind wir nicht verpflichtet und nicht bereit.<\/div><\/p>\n","protected":false},"excerpt":{"rendered":"<p>Allgemeine Gesch\u00e4ftsbedingungen AGB erstellt \u00fcber den Generator der Deutschen Anwaltshotline AG Vertragspartner Auf Grundlage dieser Allgemeinen Gesch\u00e4ftsbedingungen (AGB) kommt zwischen [&hellip;]<\/p>\n","protected":false},"author":1,"featured_media":0,"parent":0,"menu_order":0,"comment_status":"closed","ping_status":"closed","template":"","meta":{"site-sidebar-layout":"default","site-content-layout":"","ast-site-content-layout":"default","site-content-style":"default","site-sidebar-style":"default","ast-global-header-display":"","ast-banner-title-visibility":"","ast-main-header-display":"","ast-hfb-above-header-display":"","ast-hfb-below-header-display":"","ast-hfb-mobile-header-display":"","site-post-title":"","ast-breadcrumbs-content":"","ast-featured-img":"","footer-sml-layout":"","ast-disable-related-posts":"","theme-transparent-header-meta":"","adv-header-id-meta":"","stick-header-meta":"","header-above-stick-meta":"","header-main-stick-meta":"","header-below-stick-meta":"","astra-migrate-meta-layouts":"default","ast-page-background-enabled":"default","ast-page-background-meta":{"desktop":{"background-color":"var(--ast-global-color-4)","background-image":"","background-repeat":"repeat","background-position":"center center","background-size":"auto","background-attachment":"scroll","background-type":"","background-media":"","overlay-type":"","overlay-color":"","overlay-opacity":"","overlay-gradient":""},"tablet":{"background-color":"","background-image":"","background-repeat":"repeat","background-position":"center center","background-size":"auto","background-attachment":"scroll","background-type":"","background-media":"","overlay-type":"","overlay-color":"","overlay-opacity":"","overlay-gradient":""},"mobile":{"background-color":"","background-image":"","background-repeat":"repeat","background-position":"center center","background-size":"auto","background-attachment":"scroll","background-type":"","background-media":"","overlay-type":"","overlay-color":"","overlay-opacity":"","overlay-gradient":""}},"ast-content-background-meta":{"desktop":{"background-color":"var(--ast-global-color-5)","background-image":"","background-repeat":"repeat","background-position":"center center","background-size":"auto","background-attachment":"scroll","background-type":"","background-media":"","overlay-type":"","overlay-color":"","overlay-opacity":"","overlay-gradient":""},"tablet":{"background-color":"var(--ast-global-color-5)","background-image":"","background-repeat":"repeat","background-position":"center center","background-size":"auto","background-attachment":"scroll","background-type":"","background-media":"","overlay-type":"","overlay-color":"","overlay-opacity":"","overlay-gradient":""},"mobile":{"background-color":"var(--ast-global-color-5)","background-image":"","background-repeat":"repeat","background-position":"center center","background-size":"auto","background-attachment":"scroll","background-type":"","background-media":"","overlay-type":"","overlay-color":"","overlay-opacity":"","overlay-gradient":""}},"footnotes":""},"class_list":["post-136","page","type-page","status-publish","hentry"],"yoast_head":"<!-- This site is optimized with the Yoast SEO plugin v27.3 - https:\/\/yoast.com\/product\/yoast-seo-wordpress\/ -->\n<title>AGB -<\/title>\n<meta name=\"robots\" content=\"index, follow, max-snippet:-1, max-image-preview:large, max-video-preview:-1\" \/>\n<link rel=\"canonical\" href=\"https:\/\/kaminland.de\/shop\/agb\/\" \/>\n<meta property=\"og:locale\" content=\"de_DE\" \/>\n<meta property=\"og:type\" content=\"article\" \/>\n<meta property=\"og:title\" content=\"AGB -\" \/>\n<meta property=\"og:description\" content=\"Allgemeine Gesch\u00e4ftsbedingungen AGB erstellt \u00fcber den Generator der Deutschen Anwaltshotline AG Vertragspartner Auf Grundlage dieser Allgemeinen Gesch\u00e4ftsbedingungen (AGB) kommt zwischen [&hellip;]\" \/>\n<meta property=\"og:url\" content=\"https:\/\/kaminland.de\/shop\/agb\/\" \/>\n<meta property=\"article:publisher\" content=\"https:\/\/www.facebook.com\/kaminland\/\" \/>\n<meta property=\"article:modified_time\" content=\"2020-11-18T11:03:39+00:00\" \/>\n<meta name=\"twitter:card\" content=\"summary_large_image\" \/>\n<meta name=\"twitter:label1\" content=\"Gesch\u00e4tzte Lesezeit\" \/>\n\t<meta name=\"twitter:data1\" content=\"10\u00a0Minuten\" \/>\n<script type=\"application\/ld+json\" class=\"yoast-schema-graph\">{\"@context\":\"https:\\\/\\\/schema.org\",\"@graph\":[{\"@type\":\"WebPage\",\"@id\":\"https:\\\/\\\/kaminland.de\\\/shop\\\/agb\\\/\",\"url\":\"https:\\\/\\\/kaminland.de\\\/shop\\\/agb\\\/\",\"name\":\"AGB -\",\"isPartOf\":{\"@id\":\"https:\\\/\\\/kaminland.de\\\/shop\\\/#website\"},\"datePublished\":\"2017-06-21T18:04:48+00:00\",\"dateModified\":\"2020-11-18T11:03:39+00:00\",\"breadcrumb\":{\"@id\":\"https:\\\/\\\/kaminland.de\\\/shop\\\/agb\\\/#breadcrumb\"},\"inLanguage\":\"de\",\"potentialAction\":[{\"@type\":\"ReadAction\",\"target\":[\"https:\\\/\\\/kaminland.de\\\/shop\\\/agb\\\/\"]}]},{\"@type\":\"BreadcrumbList\",\"@id\":\"https:\\\/\\\/kaminland.de\\\/shop\\\/agb\\\/#breadcrumb\",\"itemListElement\":[{\"@type\":\"ListItem\",\"position\":1,\"name\":\"Startseite\",\"item\":\"https:\\\/\\\/kaminland.de\\\/shop\\\/\"},{\"@type\":\"ListItem\",\"position\":2,\"name\":\"AGB\"}]},{\"@type\":\"WebSite\",\"@id\":\"https:\\\/\\\/kaminland.de\\\/shop\\\/#website\",\"url\":\"https:\\\/\\\/kaminland.de\\\/shop\\\/\",\"name\":\"Kaminland Shop\",\"description\":\"Alles rund um das Thema Feuer vom Fachh\u00e4ndler\",\"publisher\":{\"@id\":\"https:\\\/\\\/kaminland.de\\\/shop\\\/#organization\"},\"potentialAction\":[{\"@type\":\"SearchAction\",\"target\":{\"@type\":\"EntryPoint\",\"urlTemplate\":\"https:\\\/\\\/kaminland.de\\\/shop\\\/?s={search_term_string}\"},\"query-input\":{\"@type\":\"PropertyValueSpecification\",\"valueRequired\":true,\"valueName\":\"search_term_string\"}}],\"inLanguage\":\"de\"},{\"@type\":\"Organization\",\"@id\":\"https:\\\/\\\/kaminland.de\\\/shop\\\/#organization\",\"name\":\"Kaminland Online Shop\",\"url\":\"https:\\\/\\\/kaminland.de\\\/shop\\\/\",\"logo\":{\"@type\":\"ImageObject\",\"inLanguage\":\"de\",\"@id\":\"https:\\\/\\\/kaminland.de\\\/shop\\\/#\\\/schema\\\/logo\\\/image\\\/\",\"url\":\"https:\\\/\\\/kaminland.de\\\/shop\\\/wp-content\\\/uploads\\\/2024\\\/03\\\/cropped-KL-logo-neu.jpg\",\"contentUrl\":\"https:\\\/\\\/kaminland.de\\\/shop\\\/wp-content\\\/uploads\\\/2024\\\/03\\\/cropped-KL-logo-neu.jpg\",\"width\":823,\"height\":240,\"caption\":\"Kaminland Online Shop\"},\"image\":{\"@id\":\"https:\\\/\\\/kaminland.de\\\/shop\\\/#\\\/schema\\\/logo\\\/image\\\/\"},\"sameAs\":[\"https:\\\/\\\/www.facebook.com\\\/kaminland\\\/\"]}]}<\/script>\n<!-- \/ Yoast SEO plugin. -->","yoast_head_json":{"title":"AGB -","robots":{"index":"index","follow":"follow","max-snippet":"max-snippet:-1","max-image-preview":"max-image-preview:large","max-video-preview":"max-video-preview:-1"},"canonical":"https:\/\/kaminland.de\/shop\/agb\/","og_locale":"de_DE","og_type":"article","og_title":"AGB -","og_description":"Allgemeine Gesch\u00e4ftsbedingungen AGB erstellt \u00fcber den Generator der Deutschen Anwaltshotline AG Vertragspartner Auf Grundlage dieser Allgemeinen Gesch\u00e4ftsbedingungen (AGB) kommt zwischen [&hellip;]","og_url":"https:\/\/kaminland.de\/shop\/agb\/","article_publisher":"https:\/\/www.facebook.com\/kaminland\/","article_modified_time":"2020-11-18T11:03:39+00:00","twitter_card":"summary_large_image","twitter_misc":{"Gesch\u00e4tzte Lesezeit":"10\u00a0Minuten"},"schema":{"@context":"https:\/\/schema.org","@graph":[{"@type":"WebPage","@id":"https:\/\/kaminland.de\/shop\/agb\/","url":"https:\/\/kaminland.de\/shop\/agb\/","name":"AGB -","isPartOf":{"@id":"https:\/\/kaminland.de\/shop\/#website"},"datePublished":"2017-06-21T18:04:48+00:00","dateModified":"2020-11-18T11:03:39+00:00","breadcrumb":{"@id":"https:\/\/kaminland.de\/shop\/agb\/#breadcrumb"},"inLanguage":"de","potentialAction":[{"@type":"ReadAction","target":["https:\/\/kaminland.de\/shop\/agb\/"]}]},{"@type":"BreadcrumbList","@id":"https:\/\/kaminland.de\/shop\/agb\/#breadcrumb","itemListElement":[{"@type":"ListItem","position":1,"name":"Startseite","item":"https:\/\/kaminland.de\/shop\/"},{"@type":"ListItem","position":2,"name":"AGB"}]},{"@type":"WebSite","@id":"https:\/\/kaminland.de\/shop\/#website","url":"https:\/\/kaminland.de\/shop\/","name":"Kaminland Shop","description":"Alles rund um das Thema Feuer vom Fachh\u00e4ndler","publisher":{"@id":"https:\/\/kaminland.de\/shop\/#organization"},"potentialAction":[{"@type":"SearchAction","target":{"@type":"EntryPoint","urlTemplate":"https:\/\/kaminland.de\/shop\/?s={search_term_string}"},"query-input":{"@type":"PropertyValueSpecification","valueRequired":true,"valueName":"search_term_string"}}],"inLanguage":"de"},{"@type":"Organization","@id":"https:\/\/kaminland.de\/shop\/#organization","name":"Kaminland Online Shop","url":"https:\/\/kaminland.de\/shop\/","logo":{"@type":"ImageObject","inLanguage":"de","@id":"https:\/\/kaminland.de\/shop\/#\/schema\/logo\/image\/","url":"https:\/\/kaminland.de\/shop\/wp-content\/uploads\/2024\/03\/cropped-KL-logo-neu.jpg","contentUrl":"https:\/\/kaminland.de\/shop\/wp-content\/uploads\/2024\/03\/cropped-KL-logo-neu.jpg","width":823,"height":240,"caption":"Kaminland Online Shop"},"image":{"@id":"https:\/\/kaminland.de\/shop\/#\/schema\/logo\/image\/"},"sameAs":["https:\/\/www.facebook.com\/kaminland\/"]}]}},"_links":{"self":[{"href":"https:\/\/kaminland.de\/shop\/wp-json\/wp\/v2\/pages\/136","targetHints":{"allow":["GET"]}}],"collection":[{"href":"https:\/\/kaminland.de\/shop\/wp-json\/wp\/v2\/pages"}],"about":[{"href":"https:\/\/kaminland.de\/shop\/wp-json\/wp\/v2\/types\/page"}],"author":[{"embeddable":true,"href":"https:\/\/kaminland.de\/shop\/wp-json\/wp\/v2\/users\/1"}],"replies":[{"embeddable":true,"href":"https:\/\/kaminland.de\/shop\/wp-json\/wp\/v2\/comments?post=136"}],"version-history":[{"count":6,"href":"https:\/\/kaminland.de\/shop\/wp-json\/wp\/v2\/pages\/136\/revisions"}],"predecessor-version":[{"id":1805,"href":"https:\/\/kaminland.de\/shop\/wp-json\/wp\/v2\/pages\/136\/revisions\/1805"}],"wp:attachment":[{"href":"https:\/\/kaminland.de\/shop\/wp-json\/wp\/v2\/media?parent=136"}],"curies":[{"name":"wp","href":"https:\/\/api.w.org\/{rel}","templated":true}]}}